{"id":8506,"date":"2023-07-07T11:57:52","date_gmt":"2023-07-07T09:57:52","guid":{"rendered":"https:\/\/digitaleader.fr\/?page_id=8506"},"modified":"2023-07-11T11:41:21","modified_gmt":"2023-07-11T09:41:21","slug":"notre-mission","status":"publish","type":"page","link":"https:\/\/digitaleader.fr\/index.php\/notre-mission\/","title":{"rendered":"Notre mission"},"content":{"rendered":"<p>[vc_section][vc_row el_name=\u00a0\u00bbColumn has animation \/ Column has bg image\u00a0\u00bb][vc_column background_position=\u00a0\u00bbleft center\u00a0\u00bb hide_bg_mobile=\u00a0\u00bbtrue\u00a0\u00bb delay=\u00a0\u00bbtrue\u00a0\u00bb css=\u00a0\u00bb.vc_custom_1573738258380{background-image: url(https:\/\/digitaleader.fr\/wp-content\/uploads\/2019\/10\/ut-dots.svg?id=5939) !important;background-position: center !important;background-repeat: no-repeat !important;background-size: contain !important;}\u00a0\u00bb effect=\u00a0\u00bbfadeIn\u00a0\u00bb animation_duration=\u00a0\u00bb2s\u00a0\u00bb delay_timer=\u00a0\u00bb0&Prime;]<style type=\"text\/css\">#ut_custom_heading69f202e5d6e7f { font-size:200px !important;line-height:100% !important;letter-spacing:-0.04em; }@media (min-width: 1025px) and (max-width: 1679px) {#ut_custom_heading69f202e5d6e7f { line-height:100% !important;letter-spacing:-0.04em; }}@media (min-width: 768px) and (max-width: 1024px) {#ut_custom_heading69f202e5d6e7f { line-height:100% !important;letter-spacing:-0.04em; }}@media (max-width: 767px) {#ut_custom_heading69f202e5d6e7f { line-height:100% !important;letter-spacing:-0.04em; }}#ut_custom_heading69f202e5d6e7f { text-align:center; }@media (min-width: 768px) and (max-width: 1024px) { #ut_custom_heading69f202e5d6e7f { text-align:center; } }@media (max-width: 767px) { #ut_custom_heading69f202e5d6e7f { text-align:center; } }<\/style><h1 id=\"ut_custom_heading69f202e5d6e7f\" data-responsive-font=\"h1\" data-responsive-font-settings=\"{&quot;base-font-size&quot;:&quot;200&quot;,&quot;font-size-unit&quot;:&quot;px&quot;,&quot;font-size&quot;:{&quot;desktop_large&quot;:&quot;200&quot;},&quot;base-line-height&quot;:&quot;100&quot;,&quot;line-height-unit&quot;:&quot;%&quot;,&quot;line-height&quot;:{&quot;desktop_large&quot;:&quot;100&quot;,&quot;desktop_small&quot;:&quot;100&quot;,&quot;tablet&quot;:&quot;100&quot;,&quot;mobile&quot;:&quot;100&quot;},&quot;base-letter-spacing&quot;:&quot;-0.04&quot;,&quot;letter-spacing&quot;:{&quot;desktop_large&quot;:&quot;-0.04&quot;}}\" class=\"ut-custom-heading-module  \" data-appear-effect=\"effect-1\" data-appear-top-offset=\"full\"><span class=\"\" >Notre mission<\/span><\/h1><div data-effect=\"fadeIn\" data-animateonce=\"yes\" data-delay=\"500\" class=\"wpb_content_element ut-animate-image animated ut-no-animation-tablet ut-no-animation-mobile  vc_custom_1573738173605 clearfix\"><style type=\"text\/css\">#ut_am_69f202e5d8def { opacity: 1; }#ut_am_wrap_69f202e5d8df0 { text-align: center; }@media (min-width: 768px) and (max-width: 1024px) { #ut_am_wrap_69f202e5d8df0 { text-align: center !important; } }@media (max-width: 767px) { #ut_am_wrap_69f202e5d8df0 { text-align: center !important; } }<\/style><div id=\"ut_am_wrap_69f202e5d8df0\" class=\"ut-image-gallery-image ut-brush-demo-49\"><div id=\"ut_reveal_69f202e5d8df1\"  data-appear-top-offset=\"auto\" class=\"ut-animated-image-item ut-image-gallery-item ut-animation-done \"><a class=\"ut-deactivated-link\" href=\"#\"><div class=\"ut-animated-image-zoom\">\r\n        <div class=\"ut-element-glitch-wrap\">\r\n\r\n            \r\n        <style type=\"text\/css\">\r\n\r\n                        \r\n        @media (min-width: 1025px) {\r\n\r\n        #ut-element-glitch-69f202e5d8e0d413452565-7053 .ut-glitch-single-element {\r\n                                            \r\n                }\r\n        }\r\n\r\n        @media (min-width: 768px) and (max-width: 1024px) {\r\n\r\n        #ut-element-glitch-69f202e5d8e0d413452565-7053 .ut-glitch-single-element {\r\n                                                \r\n                    }\r\n        }\r\n\r\n        @media (max-width: 767px) {\r\n\r\n        #ut-element-glitch-69f202e5d8e0d413452565-7053 .ut-glitch-single-element {\r\n                                                \r\n                    }\r\n        }\r\n\r\n        \r\n        <\/style>\r\n\r\n        \r\n            <div id=\"ut-element-glitch-69f202e5d8e0d413452565-7053\" class=\" ut-element-glitch ut-glitch-none ut-element-glitch-permanent\">\r\n                <div class=\"ut-glitch-single-element ut-lozad skip-lazy\" data-background-image=\"https:\/\/digitaleader.fr\/wp-content\/uploads\/2019\/10\/ut-brush-43.png\"><\/div>\r\n                <div class=\"ut-glitch-single-element ut-lozad skip-lazy\" data-background-image=\"https:\/\/digitaleader.fr\/wp-content\/uploads\/2019\/10\/ut-brush-43.png\"><\/div>\r\n                <div class=\"ut-glitch-single-element ut-lozad skip-lazy\" data-background-image=\"https:\/\/digitaleader.fr\/wp-content\/uploads\/2019\/10\/ut-brush-43.png\"><\/div>\r\n                <div class=\"ut-glitch-single-element ut-lozad skip-lazy\" data-background-image=\"https:\/\/digitaleader.fr\/wp-content\/uploads\/2019\/10\/ut-brush-43.png\"><\/div>\r\n                <div class=\"ut-glitch-single-element ut-lozad skip-lazy\" data-background-image=\"https:\/\/digitaleader.fr\/wp-content\/uploads\/2019\/10\/ut-brush-43.png\"><\/div>\r\n            <\/div>\r\n\r\n        <\/div>\r\n\r\n        <img loading=\"lazy\" decoding=\"async\" class=\"ut-lazy skip-lazy ut-animated-image \"  id=\"ut_am_69f202e5d8def\" src=\"data:image\/svg+xml;charset=utf-8,%3Csvg xmlns%3D'http%3A%2F%2Fwww.w3.org%2F2000%2Fsvg' viewBox%3D'0 0 500 19'%2F%3E\" data-src=\"https:\/\/digitaleader.fr\/wp-content\/uploads\/2019\/10\/ut-brush-43.png\" width=\"500\" height=\"19\" alt=\"\"\/><\/div><\/a><\/div><\/div><\/div>[vc_empty_space tablet_height=\u00a0\u00bb20px\u00a0\u00bb mobile_height=\u00a0\u00bb20px\u00a0\u00bb]<style type=\"text\/css\">#ut_custom_heading69f202e5d8fb6 { color:rgba(255, 255, 255, 0.7); }#ut_custom_heading69f202e5d8fb6 { font-family: \"Lora\";font-weight:400;font-style:normal; }#ut_custom_heading69f202e5d8fb6 { font-size:30px !important;line-height:150% !important;letter-spacing:-0.02em; }@media (min-width: 1025px) and (max-width: 1679px) {#ut_custom_heading69f202e5d8fb6 { line-height:150% !important;letter-spacing:-0.02em; }}@media (min-width: 768px) and (max-width: 1024px) {#ut_custom_heading69f202e5d8fb6 { line-height:150% !important;letter-spacing:-0.02em; }}@media (max-width: 767px) {#ut_custom_heading69f202e5d8fb6 { line-height:150% !important;letter-spacing:-0.02em; }}#ut_custom_heading69f202e5d8fb6 { text-align:center; }@media (min-width: 768px) and (max-width: 1024px) { #ut_custom_heading69f202e5d8fb6 { text-align:center; } }@media (max-width: 767px) { #ut_custom_heading69f202e5d8fb6 { text-align:center; } }<\/style><h2 id=\"ut_custom_heading69f202e5d8fb6\" data-responsive-font=\"h2\" data-responsive-font-settings=\"{&quot;base-font-size&quot;:&quot;30&quot;,&quot;font-size-unit&quot;:&quot;px&quot;,&quot;font-size&quot;:{&quot;desktop_large&quot;:&quot;30&quot;},&quot;base-line-height&quot;:&quot;150&quot;,&quot;line-height-unit&quot;:&quot;%&quot;,&quot;line-height&quot;:{&quot;desktop_large&quot;:&quot;150&quot;,&quot;desktop_small&quot;:&quot;150&quot;,&quot;tablet&quot;:&quot;150&quot;,&quot;mobile&quot;:&quot;150&quot;},&quot;base-letter-spacing&quot;:&quot;-0.02&quot;,&quot;letter-spacing&quot;:{&quot;desktop_large&quot;:&quot;-0.02&quot;}}\" class=\"ut-custom-heading-module  \" data-appear-effect=\"effect-8\" data-appear-top-offset=\"full\" data-ut-wait=\"1\" data-ut-remove-wait=\"750\"><span class=\"\" >Quels que soient votre envergure, votre secteur d&rsquo;activit\u00e9, votre localisation, votre domaine d&rsquo;expertise ou votre budget&#8230; Notre engagement est de g\u00e9n\u00e9rer des r\u00e9sultats pour vous.<\/span><\/h2>[\/vc_column][\/vc_row][\/vc_section][vc_section][vc_row full_width=\u00a0\u00bbstretch_row_content_no_spaces\u00a0\u00bb delay=\u00a0\u00bbtrue\u00a0\u00bb effect=\u00a0\u00bbfadeIn\u00a0\u00bb delay_timer=\u00a0\u00bb1000&Prime; el_name=\u00a0\u00bbRow has animation\u00a0\u00bb][vc_column width=\u00a0\u00bb1\/2&Prime; css=\u00a0\u00bb.vc_custom_1688718011982{padding-right: 100px !important;padding-left: 100px !important;}\u00a0\u00bb]<div class=\"wpb_content_element \"><style type=\"text\/css\">#ut_header_69f202e5d92a0 h2.section-title { font-size:75px !important;line-height:90px !important;letter-spacing:-0.03em; }<\/style><header id=\"ut_header_69f202e5d92a0\" class=\"section-header  ut-no-title-linebreak-mobile ut-no-lead-linebreak-mobile pt-style-7 header-left header-tablet-left header-mobile-center element-with-custom-line-height\"><div class=\"element-with-custom-line-height\" ><h2 data-title=\"Notre fa\u00e7on de travailler\"  data-responsive-font=\"section_title\" data-responsive-font-settings=\"{&quot;base-font-size&quot;:&quot;global&quot;,&quot;font-size&quot;:{&quot;desktop_large&quot;:&quot;75&quot;},&quot;base-line-height&quot;:&quot;global&quot;,&quot;line-height&quot;:{&quot;desktop_large&quot;:&quot;90&quot;},&quot;base-letter-spacing&quot;:&quot;global&quot;,&quot;letter-spacing&quot;:{&quot;desktop_large&quot;:&quot;-0.03&quot;}}\" class=\"section-title  \"><span>Notre fa\u00e7on de travailler<\/span><\/h2><\/div><\/header><\/div>[vc_empty_space height=\u00a0\u00bb20px\u00a0\u00bb]<div class=\"wpb_content_element \"><style class=\"bklyn-inline-styles\" type=\"text\/css\">#ut_fl_69f202e5d99a3391991351.bklyn-fancy-list { font-size: 18px !important; }#ut_fl_69f202e5d99a3391991351.bklyn-fancy-list { line-height: 28px !important; }#ut_fl_69f202e5d99a3391991351 li span { color: rgba(153, 153, 153, 1); }#ut_fl_69f202e5d99a3391991351 a { color: rgba(153, 153, 153, 1); }#ut_fl_69f202e5d99a3391991351 a:visited { color: rgba(153, 153, 153, 1); }#ut_fl_69f202e5d99a3391991351 ul { list-style-type: circle; }<\/style><div id=\"ut_fl_69f202e5d99a3391991351\" class=\"bklyn-fancy-list  bklyn-fancy-list-left bklyn-fancy-list-tablet-left bklyn-fancy-list-mobile-center\"><ul class=\"bklyn-list \" data-appear-top-offset=\"almost\"><li class=\"bklyn-list-item-space-xsmall\"><span><span>Nous nous efforcerons de vous fournir des r\u00e9sultats tangibles.<\/span><\/a><\/span><\/li><li class=\"bklyn-list-item-space-xsmall\"><span><span>Nous prendrons toujours le temps de vous expliquer nos actions en d\u00e9tail.<\/span><\/a><\/span><\/li><li class=\"bklyn-list-item-space-xsmall\"><span><span>Nous \u00e9tablissons une collaboration, pas simplement une prestation de service.<\/span><\/a><\/span><\/li><li class=\"bklyn-list-item-space-xsmall\"><span><span>Nous souhaitons vous conna\u00eetre et favoriser un dialogue ouvert.<\/span><\/a><\/span><\/li><li class=\"bklyn-list-item-space-xsmall\"><span><span>Nous abordons chaque interaction avec un profond respect et certainement une touche d'humour.<\/span><\/a><\/span><\/li><\/ul><\/div><\/div>[\/vc_column][vc_column width=\u00a0\u00bb1\/2&Prime; css=\u00a0\u00bb.vc_custom_1688718077354{padding-right: 100px !important;padding-bottom: 150px !important;padding-left: 100px !important;}\u00a0\u00bb]<div  class=\"wpb_content_element   clearfix\"><style type=\"text\/css\">#ut_am_69f202e5d9e19 { opacity: 1; }#ut_am_wrap_69f202e5d9e1a .ut-image-gallery-item-caption-title h3 { letter-spacing: 0em; }#ut_am_wrap_69f202e5d9e1a .ut-gallery-slider-caption { font-weight: bold; }#ut_am_wrap_69f202e5d9e1a { text-align: left; }@media (min-width: 768px) and (max-width: 1024px) { #ut_am_wrap_69f202e5d9e1a { text-align: left !important; } }@media (max-width: 767px) { #ut_am_wrap_69f202e5d9e1a { text-align: center !important; } }<\/style><div id=\"ut_am_wrap_69f202e5d9e1a\" class=\"ut-image-gallery-image \"><div id=\"ut_reveal_69f202e5d9e1b\"  data-appear-top-offset=\"auto\" class=\"ut-animated-image-item ut-image-gallery-item ut-animation-done \"><a class=\"ut-deactivated-link\" href=\"#\"><div class=\"ut-animated-image-zoom\"><img loading=\"lazy\" decoding=\"async\" class=\"ut-lazy skip-lazy ut-animated-image \"  id=\"ut_am_69f202e5d9e19\" src=\"data:image\/svg+xml;charset=utf-8,%3Csvg xmlns%3D'http%3A%2F%2Fwww.w3.org%2F2000%2Fsvg' viewBox%3D'0 0 2000 2000'%2F%3E\" data-src=\"https:\/\/digitaleader.fr\/wp-content\/uploads\/2023\/07\/facon_travail_digitaleader.png\" width=\"2000\" height=\"2000\" alt=\"\"\/><\/div><\/a><\/div><\/div><\/div>[\/vc_column][\/vc_row][\/vc_section][vc_section][vc_row full_width=\u00a0\u00bbstretch_row_content_no_spaces\u00a0\u00bb delay=\u00a0\u00bbtrue\u00a0\u00bb effect=\u00a0\u00bbfadeIn\u00a0\u00bb delay_timer=\u00a0\u00bb1000&Prime; el_name=\u00a0\u00bbRow has animation\u00a0\u00bb][vc_column width=\u00a0\u00bb1\/2&Prime; css=\u00a0\u00bb.vc_custom_1688718011982{padding-right: 100px !important;padding-left: 100px !important;}\u00a0\u00bb]<div  class=\"wpb_content_element   clearfix\"><style type=\"text\/css\">#ut_am_69f202e5da0ed { opacity: 1; }#ut_am_wrap_69f202e5da0ee .ut-image-gallery-item-caption-title h3 { letter-spacing: 0em; }#ut_am_wrap_69f202e5da0ee .ut-gallery-slider-caption { font-weight: bold; }#ut_am_wrap_69f202e5da0ee { text-align: left; }@media (min-width: 768px) and (max-width: 1024px) { #ut_am_wrap_69f202e5da0ee { text-align: left !important; } }@media (max-width: 767px) { #ut_am_wrap_69f202e5da0ee { text-align: center !important; } }<\/style><div id=\"ut_am_wrap_69f202e5da0ee\" class=\"ut-image-gallery-image \"><div id=\"ut_reveal_69f202e5da0ef\"  data-appear-top-offset=\"auto\" class=\"ut-animated-image-item ut-image-gallery-item ut-animation-done \"><a class=\"ut-deactivated-link\" href=\"#\"><div class=\"ut-animated-image-zoom\"><img loading=\"lazy\" decoding=\"async\" class=\"ut-lazy skip-lazy ut-animated-image \"  id=\"ut_am_69f202e5da0ed\" src=\"data:image\/svg+xml;charset=utf-8,%3Csvg xmlns%3D'http%3A%2F%2Fwww.w3.org%2F2000%2Fsvg' viewBox%3D'0 0 2000 2000'%2F%3E\" data-src=\"https:\/\/digitaleader.fr\/wp-content\/uploads\/2023\/07\/organisation_digitaleader.png\" width=\"2000\" height=\"2000\" alt=\"\"\/><\/div><\/a><\/div><\/div><\/div>[vc_empty_space height=\u00a0\u00bb20px\u00a0\u00bb][\/vc_column][vc_column width=\u00a0\u00bb1\/2&Prime; css=\u00a0\u00bb.vc_custom_1688718077354{padding-right: 100px !important;padding-bottom: 150px !important;padding-left: 100px !important;}\u00a0\u00bb]<div class=\"wpb_content_element \"><style type=\"text\/css\">#ut_header_69f202e5da370 h2.section-title { font-size:75px !important;line-height:90px !important;letter-spacing:-0.03em; }<\/style><header id=\"ut_header_69f202e5da370\" class=\"section-header  ut-no-title-linebreak-mobile ut-no-lead-linebreak-mobile pt-style-7 header-left header-tablet-left header-mobile-center element-with-custom-line-height\"><div class=\"element-with-custom-line-height\" ><h2 data-title=\"Une organisation structur\u00e9e\"  data-responsive-font=\"section_title\" data-responsive-font-settings=\"{&quot;base-font-size&quot;:&quot;global&quot;,&quot;font-size&quot;:{&quot;desktop_large&quot;:&quot;75&quot;},&quot;base-line-height&quot;:&quot;global&quot;,&quot;line-height&quot;:{&quot;desktop_large&quot;:&quot;90&quot;},&quot;base-letter-spacing&quot;:&quot;global&quot;,&quot;letter-spacing&quot;:{&quot;desktop_large&quot;:&quot;-0.03&quot;}}\" class=\"section-title  \"><span>Une organisation structur\u00e9e<\/span><\/h2><\/div><\/header><\/div><div class=\"wpb_content_element \"><style type=\"text\/css\">#ut_header_69f202e5da8e7 h2.section-title { font-size:75px !important;line-height:90px !important;letter-spacing:-0.03em; }<\/style><header id=\"ut_header_69f202e5da8e7\" class=\"section-header  ut-no-title-linebreak-mobile ut-no-lead-linebreak-mobile pt-style-7 header-left header-tablet-left header-mobile-center element-with-custom-line-height\"><div data-delay=\"0\" class=\"lead \"><p>Nous attachons une grande importance aux processus et \u00e0 la ma\u00eetrise de la production. Pour nous, l&rsquo;innovation ne peut s&rsquo;\u00e9panouir sans une rigueur proc\u00e9durale permettant de tester nos id\u00e9es. Nous utilisons divers outils pour suivre nos projets, stocker nos connaissances sous diff\u00e9rentes formes et num\u00e9riser nos formations internes. Tout cela repose sur une base solide : une organisation bien structur\u00e9e.<\/p>\n<\/div><\/header><\/div>[\/vc_column][\/vc_row][\/vc_section][vc_section][vc_row full_width=\u00a0\u00bbstretch_row_content_no_spaces\u00a0\u00bb delay=\u00a0\u00bbtrue\u00a0\u00bb effect=\u00a0\u00bbfadeIn\u00a0\u00bb delay_timer=\u00a0\u00bb1000&Prime; el_name=\u00a0\u00bbRow has animation\u00a0\u00bb][vc_column css=\u00a0\u00bb.vc_custom_1688718077354{padding-right: 100px !important;padding-bottom: 150px !important;padding-left: 100px !important;}\u00a0\u00bb]<div class=\"wpb_content_element \"><style type=\"text\/css\">#ut_header_69f202e5dae11 h2.section-title { font-size:75px !important;line-height:90px !important;letter-spacing:-0.03em; }<\/style><header id=\"ut_header_69f202e5dae11\" class=\"section-header  ut-no-title-linebreak-mobile ut-no-lead-linebreak-mobile pt-style-7 header-center header-tablet-center header-mobile-center element-with-custom-line-height\"><div class=\"element-with-custom-line-height\" ><h2 data-title=\"Une expertise certifi\u00e9e\"  data-responsive-font=\"section_title\" data-responsive-font-settings=\"{&quot;base-font-size&quot;:&quot;global&quot;,&quot;font-size&quot;:{&quot;desktop_large&quot;:&quot;75&quot;},&quot;base-line-height&quot;:&quot;global&quot;,&quot;line-height&quot;:{&quot;desktop_large&quot;:&quot;90&quot;},&quot;base-letter-spacing&quot;:&quot;global&quot;,&quot;letter-spacing&quot;:{&quot;desktop_large&quot;:&quot;-0.03&quot;}}\" class=\"section-title  \"><span>Une expertise certifi\u00e9e<\/span><\/h2><\/div><\/header><\/div><div class=\"wpb_content_element \"><style type=\"text\/css\">#ut_header_69f202e5db303 h2.section-title { font-size:75px !important;line-height:90px !important;letter-spacing:-0.03em; }<\/style><header id=\"ut_header_69f202e5db303\" class=\"section-header  ut-no-title-linebreak-mobile ut-no-lead-linebreak-mobile pt-style-7 header-center header-tablet-center header-mobile-center element-with-custom-line-height\"><div data-delay=\"0\" class=\"lead \"><p>Pour vous offrir un accompagnement de premier ordre, notre expertise est accr\u00e9dit\u00e9e et certifi\u00e9e sur les principales plateformes SEA, telles que Google Ads et Microsoft Advertising. Cette approche garantit que notre comp\u00e9tence et notre pratique en r\u00e9f\u00e9rencement payant sont constamment mises \u00e0 jour. Nous nous engageons ainsi \u00e0 maintenir un niveau de comp\u00e9tence \u00e9lev\u00e9 pour vous fournir les meilleurs r\u00e9sultats possibles.<\/p>\n<\/div><\/header><\/div><div  class=\"wpb_content_element   clearfix\"><style type=\"text\/css\">#ut_am_69f202e5db96a { opacity: 1; }#ut_am_wrap_69f202e5db96b .ut-image-gallery-item-caption-title h3 { letter-spacing: 0em; }#ut_am_wrap_69f202e5db96b .ut-gallery-slider-caption { font-weight: bold; }#ut_am_wrap_69f202e5db96b { text-align: center; }@media (min-width: 768px) and (max-width: 1024px) { #ut_am_wrap_69f202e5db96b { text-align: center !important; } }@media (max-width: 767px) { #ut_am_wrap_69f202e5db96b { text-align: center !important; } }<\/style><div id=\"ut_am_wrap_69f202e5db96b\" class=\"ut-image-gallery-image \"><div id=\"ut_reveal_69f202e5db96c\"  data-appear-top-offset=\"auto\" class=\"ut-animated-image-item ut-image-gallery-item ut-animation-done \"><a class=\"ut-deactivated-link\" href=\"#\"><div class=\"ut-animated-image-zoom\"><img loading=\"lazy\" decoding=\"async\" class=\"ut-lazy skip-lazy ut-animated-image \"  id=\"ut_am_69f202e5db96a\" src=\"data:image\/svg+xml;charset=utf-8,%3Csvg xmlns%3D'http%3A%2F%2Fwww.w3.org%2F2000%2Fsvg' viewBox%3D'0 0 559 197'%2F%3E\" data-src=\"https:\/\/digitaleader.fr\/wp-content\/uploads\/2023\/07\/certification_googleads.png\" width=\"559\" height=\"197\" alt=\"\"\/><\/div><\/a><\/div><\/div><\/div>[\/vc_column][\/vc_row][\/vc_section]<\/p>\n","protected":false},"excerpt":{"rendered":"<p>[vc_section][vc_row el_name=\u00a0\u00bbColumn has animation \/ Column has bg image\u00a0\u00bb][vc_column background_position=\u00a0\u00bbleft center\u00a0\u00bb hide_bg_mobile=\u00a0\u00bbtrue\u00a0\u00bb delay=\u00a0\u00bbtrue\u00a0\u00bb css=\u00a0\u00bb.vc_custom_1573738258380{background-image: url(https:\/\/digitaleader.fr\/wp-content\/uploads\/2019\/10\/ut-dots.svg?id=5939) !important;background-position: center !important;background-repeat: no-repeat !important;background-size: contain !important;}\u00a0\u00bb effect=\u00a0\u00bbfadeIn\u00a0\u00bb animation_duration=\u00a0\u00bb2s\u00a0\u00bb delay_timer=\u00a0\u00bb0&Prime;][vc_empty_space tablet_height=\u00a0\u00bb20px\u00a0\u00bb mobile_height=\u00a0\u00bb20px\u00a0\u00bb][\/vc_column][\/vc_row][\/vc_section][vc_section][vc_row full_width=\u00a0\u00bbstretch_row_content_no_spaces\u00a0\u00bb delay=\u00a0\u00bbtrue\u00a0\u00bb effect=\u00a0\u00bbfadeIn\u00a0\u00bb delay_timer=\u00a0\u00bb1000&Prime; el_name=\u00a0\u00bbRow has animation\u00a0\u00bb][vc_column width=\u00a0\u00bb1\/2&Prime; css=\u00a0\u00bb.vc_custom_1688718011982{padding-right: 100px !important;padding-left: 100px !important;}\u00a0\u00bb][vc_empty_space height=\u00a0\u00bb20px\u00a0\u00bb][\/vc_column][vc_column width=\u00a0\u00bb1\/2&Prime; css=\u00a0\u00bb.vc_custom_1688718077354{padding-right: 100px !important;padding-bottom: 150px !important;padding-left: 100px !important;}\u00a0\u00bb][\/vc_column][\/vc_row][\/vc_section][vc_section][vc_row full_width=\u00a0\u00bbstretch_row_content_no_spaces\u00a0\u00bb delay=\u00a0\u00bbtrue\u00a0\u00bb effect=\u00a0\u00bbfadeIn\u00a0\u00bb delay_timer=\u00a0\u00bb1000&Prime; el_name=\u00a0\u00bbRow has [&hellip;]<\/p>\n","protected":false},"author":1,"featured_media":0,"parent":0,"menu_order":0,"comment_status":"closed","ping_status":"closed","template":"","meta":{"footnotes":""},"class_list":["post-8506","page","type-page","status-publish","hentry"],"_links":{"self":[{"href":"https:\/\/digitaleader.fr\/index.php\/wp-json\/wp\/v2\/pages\/8506","targetHints":{"allow":["GET"]}}],"collection":[{"href":"https:\/\/digitaleader.fr\/index.php\/wp-json\/wp\/v2\/pages"}],"about":[{"href":"https:\/\/digitaleader.fr\/index.php\/wp-json\/wp\/v2\/types\/page"}],"author":[{"embeddable":true,"href":"https:\/\/digitaleader.fr\/index.php\/wp-json\/wp\/v2\/users\/1"}],"replies":[{"embeddable":true,"href":"https:\/\/digitaleader.fr\/index.php\/wp-json\/wp\/v2\/comments?post=8506"}],"version-history":[{"count":18,"href":"https:\/\/digitaleader.fr\/index.php\/wp-json\/wp\/v2\/pages\/8506\/revisions"}],"predecessor-version":[{"id":8639,"href":"https:\/\/digitaleader.fr\/index.php\/wp-json\/wp\/v2\/pages\/8506\/revisions\/8639"}],"wp:attachment":[{"href":"https:\/\/digitaleader.fr\/index.php\/wp-json\/wp\/v2\/media?parent=8506"}],"curies":[{"name":"wp","href":"https:\/\/api.w.org\/{rel}","templated":true}]}}