{"id":7306,"date":"2019-10-23T16:38:58","date_gmt":"2019-10-23T16:38:58","guid":{"rendered":"https:\/\/digitaleader.fr\/?page_id=7306"},"modified":"2023-07-11T17:33:18","modified_gmt":"2023-07-11T15:33:18","slug":"agence","status":"publish","type":"page","link":"https:\/\/digitaleader.fr\/index.php\/agence\/","title":{"rendered":"Agence"},"content":{"rendered":"<p>[vc_section][vc_row el_name=\u00a0\u00bbColumn has animation \/ Column has bg image\u00a0\u00bb][vc_column background_position=\u00a0\u00bbleft center\u00a0\u00bb hide_bg_mobile=\u00a0\u00bbtrue\u00a0\u00bb delay=\u00a0\u00bbtrue\u00a0\u00bb css=\u00a0\u00bb.vc_custom_1573738258380{background-image: url(https:\/\/digitaleader.fr\/wp-content\/uploads\/2019\/10\/ut-dots.svg?id=5939) !important;background-position: center !important;background-repeat: no-repeat !important;background-size: contain !important;}\u00a0\u00bb effect=\u00a0\u00bbfadeIn\u00a0\u00bb animation_duration=\u00a0\u00bb2s\u00a0\u00bb delay_timer=\u00a0\u00bb0&Prime;]<style type=\"text\/css\">#ut_custom_heading69f209f34db48 { font-size:200px !important;line-height:100% !important;letter-spacing:-0.04em; }@media (min-width: 1025px) and (max-width: 1679px) {#ut_custom_heading69f209f34db48 { line-height:100% !important;letter-spacing:-0.04em; }}@media (min-width: 768px) and (max-width: 1024px) {#ut_custom_heading69f209f34db48 { line-height:100% !important;letter-spacing:-0.04em; }}@media (max-width: 767px) {#ut_custom_heading69f209f34db48 { line-height:100% !important;letter-spacing:-0.04em; }}#ut_custom_heading69f209f34db48 { text-align:center; }@media (min-width: 768px) and (max-width: 1024px) { #ut_custom_heading69f209f34db48 { text-align:center; } }@media (max-width: 767px) { #ut_custom_heading69f209f34db48 { text-align:center; } }<\/style><h1 id=\"ut_custom_heading69f209f34db48\" data-responsive-font=\"h1\" data-responsive-font-settings=\"{&quot;base-font-size&quot;:&quot;200&quot;,&quot;font-size-unit&quot;:&quot;px&quot;,&quot;font-size&quot;:{&quot;desktop_large&quot;:&quot;200&quot;},&quot;base-line-height&quot;:&quot;100&quot;,&quot;line-height-unit&quot;:&quot;%&quot;,&quot;line-height&quot;:{&quot;desktop_large&quot;:&quot;100&quot;,&quot;desktop_small&quot;:&quot;100&quot;,&quot;tablet&quot;:&quot;100&quot;,&quot;mobile&quot;:&quot;100&quot;},&quot;base-letter-spacing&quot;:&quot;-0.04&quot;,&quot;letter-spacing&quot;:{&quot;desktop_large&quot;:&quot;-0.04&quot;}}\" class=\"ut-custom-heading-module  \" data-appear-effect=\"effect-1\" data-appear-top-offset=\"full\"><span class=\"\" >Agence digitale<\/span><\/h1><div data-effect=\"fadeIn\" data-animateonce=\"yes\" data-delay=\"500\" class=\"wpb_content_element ut-animate-image animated ut-no-animation-tablet ut-no-animation-mobile  vc_custom_1573738173605 clearfix\"><style type=\"text\/css\">#ut_am_69f209f34fcd3 { opacity: 1; }#ut_am_wrap_69f209f34fcd4 { text-align: center; }@media (min-width: 768px) and (max-width: 1024px) { #ut_am_wrap_69f209f34fcd4 { text-align: center !important; } }@media (max-width: 767px) { #ut_am_wrap_69f209f34fcd4 { text-align: center !important; } }<\/style><div id=\"ut_am_wrap_69f209f34fcd4\" class=\"ut-image-gallery-image ut-brush-demo-49\"><div id=\"ut_reveal_69f209f34fcd5\"  data-appear-top-offset=\"auto\" class=\"ut-animated-image-item ut-image-gallery-item ut-animation-done \"><a class=\"ut-deactivated-link\" href=\"#\"><div class=\"ut-animated-image-zoom\">\r\n        <div class=\"ut-element-glitch-wrap\">\r\n\r\n            \r\n        <style type=\"text\/css\">\r\n\r\n                        \r\n        @media (min-width: 1025px) {\r\n\r\n        #ut-element-glitch-69f209f34fcf4008657903-7053 .ut-glitch-single-element {\r\n                                            \r\n                }\r\n        }\r\n\r\n        @media (min-width: 768px) and (max-width: 1024px) {\r\n\r\n        #ut-element-glitch-69f209f34fcf4008657903-7053 .ut-glitch-single-element {\r\n                                                \r\n                    }\r\n        }\r\n\r\n        @media (max-width: 767px) {\r\n\r\n        #ut-element-glitch-69f209f34fcf4008657903-7053 .ut-glitch-single-element {\r\n                                                \r\n                    }\r\n        }\r\n\r\n        \r\n        <\/style>\r\n\r\n        \r\n            <div id=\"ut-element-glitch-69f209f34fcf4008657903-7053\" class=\" ut-element-glitch ut-glitch-none ut-element-glitch-permanent\">\r\n                <div class=\"ut-glitch-single-element ut-lozad skip-lazy\" data-background-image=\"https:\/\/digitaleader.fr\/wp-content\/uploads\/2019\/10\/ut-brush-43.png\"><\/div>\r\n                <div class=\"ut-glitch-single-element ut-lozad skip-lazy\" data-background-image=\"https:\/\/digitaleader.fr\/wp-content\/uploads\/2019\/10\/ut-brush-43.png\"><\/div>\r\n                <div class=\"ut-glitch-single-element ut-lozad skip-lazy\" data-background-image=\"https:\/\/digitaleader.fr\/wp-content\/uploads\/2019\/10\/ut-brush-43.png\"><\/div>\r\n                <div class=\"ut-glitch-single-element ut-lozad skip-lazy\" data-background-image=\"https:\/\/digitaleader.fr\/wp-content\/uploads\/2019\/10\/ut-brush-43.png\"><\/div>\r\n                <div class=\"ut-glitch-single-element ut-lozad skip-lazy\" data-background-image=\"https:\/\/digitaleader.fr\/wp-content\/uploads\/2019\/10\/ut-brush-43.png\"><\/div>\r\n            <\/div>\r\n\r\n        <\/div>\r\n\r\n        <img loading=\"lazy\" decoding=\"async\" class=\"ut-lazy skip-lazy ut-animated-image \"  id=\"ut_am_69f209f34fcd3\" src=\"data:image\/svg+xml;charset=utf-8,%3Csvg xmlns%3D'http%3A%2F%2Fwww.w3.org%2F2000%2Fsvg' viewBox%3D'0 0 500 19'%2F%3E\" data-src=\"https:\/\/digitaleader.fr\/wp-content\/uploads\/2019\/10\/ut-brush-43.png\" width=\"500\" height=\"19\" alt=\"\"\/><\/div><\/a><\/div><\/div><\/div>[vc_empty_space tablet_height=\u00a0\u00bb20px\u00a0\u00bb mobile_height=\u00a0\u00bb20px\u00a0\u00bb]<style type=\"text\/css\">#ut_custom_heading69f209f34ff07 { color:rgba(255, 255, 255, 0.7); }#ut_custom_heading69f209f34ff07 { font-family: \"Lora\";font-weight:400;font-style:normal; }#ut_custom_heading69f209f34ff07 { font-size:30px !important;line-height:150% !important;letter-spacing:-0.02em; }@media (min-width: 1025px) and (max-width: 1679px) {#ut_custom_heading69f209f34ff07 { line-height:150% !important;letter-spacing:-0.02em; }}@media (min-width: 768px) and (max-width: 1024px) {#ut_custom_heading69f209f34ff07 { line-height:150% !important;letter-spacing:-0.02em; }}@media (max-width: 767px) {#ut_custom_heading69f209f34ff07 { line-height:150% !important;letter-spacing:-0.02em; }}#ut_custom_heading69f209f34ff07 { text-align:center; }@media (min-width: 768px) and (max-width: 1024px) { #ut_custom_heading69f209f34ff07 { text-align:center; } }@media (max-width: 767px) { #ut_custom_heading69f209f34ff07 { text-align:center; } }<\/style><h2 id=\"ut_custom_heading69f209f34ff07\" data-responsive-font=\"h2\" data-responsive-font-settings=\"{&quot;base-font-size&quot;:&quot;30&quot;,&quot;font-size-unit&quot;:&quot;px&quot;,&quot;font-size&quot;:{&quot;desktop_large&quot;:&quot;30&quot;},&quot;base-line-height&quot;:&quot;150&quot;,&quot;line-height-unit&quot;:&quot;%&quot;,&quot;line-height&quot;:{&quot;desktop_large&quot;:&quot;150&quot;,&quot;desktop_small&quot;:&quot;150&quot;,&quot;tablet&quot;:&quot;150&quot;,&quot;mobile&quot;:&quot;150&quot;},&quot;base-letter-spacing&quot;:&quot;-0.02&quot;,&quot;letter-spacing&quot;:{&quot;desktop_large&quot;:&quot;-0.02&quot;}}\" class=\"ut-custom-heading-module  \" data-appear-effect=\"effect-8\" data-appear-top-offset=\"full\" data-ut-wait=\"1\" data-ut-remove-wait=\"750\"><span class=\"\" >SEO, SEA, cr\u00e9ation de contenus, de site web, social media management et webanalytics. Notre agence vous construit une prestation digitale sur-mesure et performante.<\/span><\/h2>[\/vc_column][\/vc_row][\/vc_section][vc_section][vc_row full_width=\u00a0\u00bbstretch_row_content_no_spaces\u00a0\u00bb delay=\u00a0\u00bbtrue\u00a0\u00bb effect=\u00a0\u00bbfadeIn\u00a0\u00bb delay_timer=\u00a0\u00bb1000&Prime; el_name=\u00a0\u00bbRow has animation\u00a0\u00bb][vc_column width=\u00a0\u00bb1\/2&Prime; css=\u00a0\u00bb.vc_custom_1688718011982{padding-right: 100px !important;padding-left: 100px !important;}\u00a0\u00bb]<div class=\"wpb_content_element \"><style type=\"text\/css\">#ut_header_69f209f35020c h2.section-title { font-size:75px !important;line-height:90px !important;letter-spacing:-0.03em; }<\/style><header id=\"ut_header_69f209f35020c\" class=\"section-header  ut-no-title-linebreak-mobile ut-no-lead-linebreak-mobile pt-style-7 header-left header-tablet-left header-mobile-center element-with-custom-line-height\"><div class=\"element-with-custom-line-height\" ><h2 data-title=\"Pourquoi choisir notre agence digitale ?\"  data-responsive-font=\"section_title\" data-responsive-font-settings=\"{&quot;base-font-size&quot;:&quot;global&quot;,&quot;font-size&quot;:{&quot;desktop_large&quot;:&quot;75&quot;},&quot;base-line-height&quot;:&quot;global&quot;,&quot;line-height&quot;:{&quot;desktop_large&quot;:&quot;90&quot;},&quot;base-letter-spacing&quot;:&quot;global&quot;,&quot;letter-spacing&quot;:{&quot;desktop_large&quot;:&quot;-0.03&quot;}}\" class=\"section-title  \"><span>Pourquoi choisir notre agence digitale ?<\/span><\/h2><\/div><\/header><\/div>[vc_empty_space height=\u00a0\u00bb20px\u00a0\u00bb]<div class=\"wpb_content_element \"><style type=\"text\/css\">#ut_header_69f209f3507fe h2.section-title { font-size:75px !important;line-height:90px !important;letter-spacing:-0.03em; }<\/style><header id=\"ut_header_69f209f3507fe\" class=\"section-header  ut-no-title-linebreak-mobile ut-no-lead-linebreak-mobile pt-style-7 header-left header-tablet-left header-mobile-center element-with-custom-line-height\"><div data-delay=\"0\" class=\"lead \"><p>Une agence pluridisciplinaire sp\u00e9cialis\u00e9e dans la gestion de projets web.<\/p>\n<p>Que vous visiez la premi\u00e8re position sur Google, que vous souhaitiez un site web personnalis\u00e9 ou que vous ayez besoin d&rsquo;un expert en gestion des r\u00e9seaux sociaux, notre agence est \u00e0 votre service !<\/p>\n<p>Notre expertise est un v\u00e9ritable atout dans notre offre de services, nous permettant de vous proposer des prestations parfaitement adapt\u00e9es \u00e0 vos attentes et besoins en termes de visibilit\u00e9 en ligne. Que vous dirigiez une petite entreprise ou une PME, nous nous adaptons \u00e0 votre demande et vous offrons des solutions pour vous aider \u00e0 d\u00e9velopper votre pr\u00e9sence digitale.<\/p>\n<\/div><\/header><\/div>[\/vc_column][vc_column width=\u00a0\u00bb1\/2&Prime; css=\u00a0\u00bb.vc_custom_1688718077354{padding-right: 100px !important;padding-bottom: 150px !important;padding-left: 100px !important;}\u00a0\u00bb]<div  class=\"wpb_content_element   clearfix\"><style type=\"text\/css\">#ut_am_69f209f351014 { opacity: 1; }#ut_am_wrap_69f209f351015 .ut-image-gallery-item-caption-title h3 { letter-spacing: 0em; }#ut_am_wrap_69f209f351015 .ut-gallery-slider-caption { font-weight: bold; }#ut_am_wrap_69f209f351015 { text-align: left; }@media (min-width: 768px) and (max-width: 1024px) { #ut_am_wrap_69f209f351015 { text-align: left !important; } }@media (max-width: 767px) { #ut_am_wrap_69f209f351015 { text-align: center !important; } }<\/style><div id=\"ut_am_wrap_69f209f351015\" class=\"ut-image-gallery-image \"><div id=\"ut_reveal_69f209f351016\"  data-appear-top-offset=\"auto\" class=\"ut-animated-image-item ut-image-gallery-item ut-animation-done \"><a class=\"ut-deactivated-link\" href=\"#\"><div class=\"ut-animated-image-zoom\"><img loading=\"lazy\" decoding=\"async\" class=\"ut-lazy skip-lazy ut-animated-image \"  id=\"ut_am_69f209f351014\" src=\"data:image\/svg+xml;charset=utf-8,%3Csvg xmlns%3D'http%3A%2F%2Fwww.w3.org%2F2000%2Fsvg' viewBox%3D'0 0 2000 2000'%2F%3E\" data-src=\"https:\/\/digitaleader.fr\/wp-content\/uploads\/2023\/07\/pourquoi_digitaleader.png\" width=\"2000\" height=\"2000\" alt=\"\"\/><\/div><\/a><\/div><\/div><\/div>[\/vc_column][\/vc_row][\/vc_section][vc_section][vc_row full_width=\u00a0\u00bbstretch_row_content_no_spaces\u00a0\u00bb delay=\u00a0\u00bbtrue\u00a0\u00bb effect=\u00a0\u00bbfadeIn\u00a0\u00bb delay_timer=\u00a0\u00bb1000&Prime; el_name=\u00a0\u00bbRow has animation\u00a0\u00bb][vc_column width=\u00a0\u00bb1\/2&Prime; css=\u00a0\u00bb.vc_custom_1688718011982{padding-right: 100px !important;padding-left: 100px !important;}\u00a0\u00bb]<div  class=\"wpb_content_element   clearfix\"><style type=\"text\/css\">#ut_am_69f209f3513fc { opacity: 1; }#ut_am_wrap_69f209f3513fd .ut-image-gallery-item-caption-title h3 { letter-spacing: 0em; }#ut_am_wrap_69f209f3513fd .ut-gallery-slider-caption { font-weight: bold; }#ut_am_wrap_69f209f3513fd { text-align: left; }@media (min-width: 768px) and (max-width: 1024px) { #ut_am_wrap_69f209f3513fd { text-align: left !important; } }@media (max-width: 767px) { #ut_am_wrap_69f209f3513fd { text-align: center !important; } }<\/style><div id=\"ut_am_wrap_69f209f3513fd\" class=\"ut-image-gallery-image \"><div id=\"ut_reveal_69f209f3513fe\"  data-appear-top-offset=\"auto\" class=\"ut-animated-image-item ut-image-gallery-item ut-animation-done \"><a class=\"ut-deactivated-link\" href=\"#\"><div class=\"ut-animated-image-zoom\"><img loading=\"lazy\" decoding=\"async\" class=\"ut-lazy skip-lazy ut-animated-image \"  id=\"ut_am_69f209f3513fc\" src=\"data:image\/svg+xml;charset=utf-8,%3Csvg xmlns%3D'http%3A%2F%2Fwww.w3.org%2F2000%2Fsvg' viewBox%3D'0 0 2000 2000'%2F%3E\" data-src=\"https:\/\/digitaleader.fr\/wp-content\/uploads\/2023\/07\/strategie_digitaleader.png\" width=\"2000\" height=\"2000\" alt=\"\"\/><\/div><\/a><\/div><\/div><\/div>[vc_empty_space height=\u00a0\u00bb20px\u00a0\u00bb][\/vc_column][vc_column width=\u00a0\u00bb1\/2&Prime; css=\u00a0\u00bb.vc_custom_1688718077354{padding-right: 100px !important;padding-bottom: 150px !important;padding-left: 100px !important;}\u00a0\u00bb]<div class=\"wpb_content_element \"><style type=\"text\/css\">#ut_header_69f209f3516a0 h2.section-title { font-size:75px !important;line-height:90px !important;letter-spacing:-0.03em; }<\/style><header id=\"ut_header_69f209f3516a0\" class=\"section-header  ut-no-title-linebreak-mobile ut-no-lead-linebreak-mobile pt-style-7 header-left header-tablet-left header-mobile-center element-with-custom-line-height\"><div class=\"element-with-custom-line-height\" ><h2 data-title=\"Une strat\u00e9gie digitale \u00e0 votre identit\u00e9\"  data-responsive-font=\"section_title\" data-responsive-font-settings=\"{&quot;base-font-size&quot;:&quot;global&quot;,&quot;font-size&quot;:{&quot;desktop_large&quot;:&quot;75&quot;},&quot;base-line-height&quot;:&quot;global&quot;,&quot;line-height&quot;:{&quot;desktop_large&quot;:&quot;90&quot;},&quot;base-letter-spacing&quot;:&quot;global&quot;,&quot;letter-spacing&quot;:{&quot;desktop_large&quot;:&quot;-0.03&quot;}}\" class=\"section-title  \"><span>Une strat\u00e9gie digitale \u00e0 votre identit\u00e9<\/span><\/h2><\/div><\/header><\/div><div class=\"wpb_content_element \"><style type=\"text\/css\">#ut_header_69f209f351cd2 h2.section-title { font-size:75px !important;line-height:90px !important;letter-spacing:-0.03em; }<\/style><header id=\"ut_header_69f209f351cd2\" class=\"section-header  ut-no-title-linebreak-mobile ut-no-lead-linebreak-mobile pt-style-7 header-left header-tablet-left header-mobile-center element-with-custom-line-height\"><div data-delay=\"0\" class=\"lead \"><p>Que ce soit pour am\u00e9liorer le r\u00e9f\u00e9rencement de votre site web, mettre en place une strat\u00e9gie m\u00e9dias sociaux ou b\u00e9n\u00e9ficier d&rsquo;une expertise solide en mati\u00e8re de strat\u00e9gie digitale, notre \u00e9quipe vous propose des solutions personnalis\u00e9es pour atteindre toutes vos missions.<\/p>\n<p>Nous collaborons \u00e9troitement avec vous pour cr\u00e9er une strat\u00e9gie unique qui refl\u00e8te parfaitement l&rsquo;image de votre entreprise. Notre engagement envers la transparence est essentiel, c&rsquo;est pourquoi nous vous impliquons pleinement \u00e0 chaque \u00e9tape de votre projet, vous tenant inform\u00e9 de l&rsquo;avancement de votre contrat. En fonction des r\u00e9sultats, nous adaptons notre approche en temps r\u00e9el afin de r\u00e9pondre \u00e0 tous vos objectifs.<\/p>\n<\/div><\/header><\/div>[\/vc_column][\/vc_row][\/vc_section][vc_section][vc_row full_width=\u00a0\u00bbstretch_row_content_no_spaces\u00a0\u00bb delay=\u00a0\u00bbtrue\u00a0\u00bb effect=\u00a0\u00bbfadeIn\u00a0\u00bb delay_timer=\u00a0\u00bb1000&Prime; el_name=\u00a0\u00bbRow has animation\u00a0\u00bb][vc_column css=\u00a0\u00bb.vc_custom_1688718077354{padding-right: 100px !important;padding-bottom: 150px !important;padding-left: 100px !important;}\u00a0\u00bb]<div class=\"wpb_content_element \"><style type=\"text\/css\">#ut_header_69f209f352209 h2.section-title { font-size:75px !important;line-height:90px !important;letter-spacing:-0.03em; }<\/style><header id=\"ut_header_69f209f352209\" class=\"section-header  ut-no-title-linebreak-mobile ut-no-lead-linebreak-mobile pt-style-7 header-center header-tablet-center header-mobile-center element-with-custom-line-height\"><div class=\"element-with-custom-line-height\" ><h2 data-title=\"Une offre de services personnalis\u00e9e et compl\u00e8te\"  data-responsive-font=\"section_title\" data-responsive-font-settings=\"{&quot;base-font-size&quot;:&quot;global&quot;,&quot;font-size&quot;:{&quot;desktop_large&quot;:&quot;75&quot;},&quot;base-line-height&quot;:&quot;global&quot;,&quot;line-height&quot;:{&quot;desktop_large&quot;:&quot;90&quot;},&quot;base-letter-spacing&quot;:&quot;global&quot;,&quot;letter-spacing&quot;:{&quot;desktop_large&quot;:&quot;-0.03&quot;}}\" class=\"section-title  \"><span>Une offre de services personnalis\u00e9e et compl\u00e8te<\/span><\/h2><\/div><\/header><\/div><div class=\"wpb_content_element \"><style type=\"text\/css\">#ut_header_69f209f3526d4 h2.section-title { font-size:75px !important;line-height:90px !important;letter-spacing:-0.03em; }<\/style><header id=\"ut_header_69f209f3526d4\" class=\"section-header  ut-no-title-linebreak-mobile ut-no-lead-linebreak-mobile pt-style-7 header-center header-tablet-center header-mobile-center element-with-custom-line-height\"><div data-delay=\"0\" class=\"lead \"><p>Notre expertise couvre l&rsquo;ensemble du spectre du r\u00e9f\u00e9rencement payant, depuis la gestion des campagnes publicitaires jusqu&rsquo;\u00e0 l&rsquo;optimisation des mots cl\u00e9s, en passant par l&rsquo;analyse approfondie des performances.<\/p>\n<p>Que vous ayez besoin de cr\u00e9ation de designs percutants, d&rsquo;optimisation de contenu cibl\u00e9 ou d&rsquo;analyse approfondie des donn\u00e9es de votre site web, notre \u00e9quipe travaille au quotidien pour vous aider \u00e0 atteindre vos objectifs.<\/p>\n<\/div><\/header><\/div><div  class=\"wpb_content_element   clearfix\"><style type=\"text\/css\">#ut_am_69f209f352ea8 { opacity: 1; }#ut_am_wrap_69f209f352ea9 .ut-image-gallery-item-caption-title h3 { letter-spacing: 0em; }#ut_am_wrap_69f209f352ea9 .ut-gallery-slider-caption { font-weight: bold; }#ut_am_wrap_69f209f352ea9 { text-align: center; }@media (min-width: 768px) and (max-width: 1024px) { #ut_am_wrap_69f209f352ea9 { text-align: center !important; } }@media (max-width: 767px) { #ut_am_wrap_69f209f352ea9 { text-align: center !important; } }<\/style><div id=\"ut_am_wrap_69f209f352ea9\" class=\"ut-image-gallery-image \"><div id=\"ut_reveal_69f209f352eaa\"  data-appear-top-offset=\"auto\" class=\"ut-animated-image-item ut-image-gallery-item ut-animation-done \"><a class=\"ut-deactivated-link\" href=\"#\"><div class=\"ut-animated-image-zoom\"><img loading=\"lazy\" decoding=\"async\" class=\"ut-lazy skip-lazy ut-animated-image \"  id=\"ut_am_69f209f352ea8\" src=\"data:image\/svg+xml;charset=utf-8,%3Csvg xmlns%3D'http%3A%2F%2Fwww.w3.org%2F2000%2Fsvg' viewBox%3D'0 0 559 197'%2F%3E\" data-src=\"https:\/\/digitaleader.fr\/wp-content\/uploads\/2023\/07\/certification_googleads.png\" width=\"559\" height=\"197\" alt=\"\"\/><\/div><\/a><\/div><\/div><\/div>[\/vc_column][\/vc_row][\/vc_section]<\/p>\n","protected":false},"excerpt":{"rendered":"<p>[vc_section][vc_row el_name=\u00a0\u00bbColumn has animation \/ Column has bg image\u00a0\u00bb][vc_column background_position=\u00a0\u00bbleft center\u00a0\u00bb hide_bg_mobile=\u00a0\u00bbtrue\u00a0\u00bb delay=\u00a0\u00bbtrue\u00a0\u00bb css=\u00a0\u00bb.vc_custom_1573738258380{background-image: url(https:\/\/digitaleader.fr\/wp-content\/uploads\/2019\/10\/ut-dots.svg?id=5939) !important;background-position: center !important;background-repeat: no-repeat !important;background-size: contain !important;}\u00a0\u00bb effect=\u00a0\u00bbfadeIn\u00a0\u00bb animation_duration=\u00a0\u00bb2s\u00a0\u00bb delay_timer=\u00a0\u00bb0&Prime;][vc_empty_space tablet_height=\u00a0\u00bb20px\u00a0\u00bb mobile_height=\u00a0\u00bb20px\u00a0\u00bb][\/vc_column][\/vc_row][\/vc_section][vc_section][vc_row full_width=\u00a0\u00bbstretch_row_content_no_spaces\u00a0\u00bb delay=\u00a0\u00bbtrue\u00a0\u00bb effect=\u00a0\u00bbfadeIn\u00a0\u00bb delay_timer=\u00a0\u00bb1000&Prime; el_name=\u00a0\u00bbRow has animation\u00a0\u00bb][vc_column width=\u00a0\u00bb1\/2&Prime; css=\u00a0\u00bb.vc_custom_1688718011982{padding-right: 100px !important;padding-left: 100px !important;}\u00a0\u00bb][vc_empty_space height=\u00a0\u00bb20px\u00a0\u00bb][\/vc_column][vc_column width=\u00a0\u00bb1\/2&Prime; css=\u00a0\u00bb.vc_custom_1688718077354{padding-right: 100px !important;padding-bottom: 150px !important;padding-left: 100px !important;}\u00a0\u00bb][\/vc_column][\/vc_row][\/vc_section][vc_section][vc_row full_width=\u00a0\u00bbstretch_row_content_no_spaces\u00a0\u00bb delay=\u00a0\u00bbtrue\u00a0\u00bb effect=\u00a0\u00bbfadeIn\u00a0\u00bb delay_timer=\u00a0\u00bb1000&Prime; el_name=\u00a0\u00bbRow has [&hellip;]<\/p>\n","protected":false},"author":1,"featured_media":0,"parent":0,"menu_order":0,"comment_status":"closed","ping_status":"closed","template":"","meta":{"footnotes":""},"class_list":["post-7306","page","type-page","status-publish","hentry"],"_links":{"self":[{"href":"https:\/\/digitaleader.fr\/index.php\/wp-json\/wp\/v2\/pages\/7306","targetHints":{"allow":["GET"]}}],"collection":[{"href":"https:\/\/digitaleader.fr\/index.php\/wp-json\/wp\/v2\/pages"}],"about":[{"href":"https:\/\/digitaleader.fr\/index.php\/wp-json\/wp\/v2\/types\/page"}],"author":[{"embeddable":true,"href":"https:\/\/digitaleader.fr\/index.php\/wp-json\/wp\/v2\/users\/1"}],"replies":[{"embeddable":true,"href":"https:\/\/digitaleader.fr\/index.php\/wp-json\/wp\/v2\/comments?post=7306"}],"version-history":[{"count":33,"href":"https:\/\/digitaleader.fr\/index.php\/wp-json\/wp\/v2\/pages\/7306\/revisions"}],"predecessor-version":[{"id":8684,"href":"https:\/\/digitaleader.fr\/index.php\/wp-json\/wp\/v2\/pages\/7306\/revisions\/8684"}],"wp:attachment":[{"href":"https:\/\/digitaleader.fr\/index.php\/wp-json\/wp\/v2\/media?parent=7306"}],"curies":[{"name":"wp","href":"https:\/\/api.w.org\/{rel}","templated":true}]}}