{"id":4997,"date":"2019-09-30T12:11:40","date_gmt":"2019-09-30T12:11:40","guid":{"rendered":"https:\/\/digitaleader.fr\/?page_id=4997"},"modified":"2023-07-21T14:55:22","modified_gmt":"2023-07-21T12:55:22","slug":"contact","status":"publish","type":"page","link":"https:\/\/digitaleader.fr\/index.php\/contact\/","title":{"rendered":"Contact"},"content":{"rendered":"<p>[vc_section][vc_row el_name=\u00a0\u00bbColumn has animation \/ Column has bg image\u00a0\u00bb][vc_column background_position=\u00a0\u00bbleft center\u00a0\u00bb hide_bg_mobile=\u00a0\u00bbtrue\u00a0\u00bb delay=\u00a0\u00bbtrue\u00a0\u00bb css=\u00a0\u00bb.vc_custom_1572536786807{background-image: url(https:\/\/digitaleader.fr\/wp-content\/uploads\/2019\/10\/ut-dots.svg?id=5939) !important;background-position: center !important;background-repeat: no-repeat !important;background-size: contain !important;}\u00a0\u00bb effect=\u00a0\u00bbfadeIn\u00a0\u00bb animation_duration=\u00a0\u00bb2s\u00a0\u00bb delay_timer=\u00a0\u00bb0&Prime;]<style type=\"text\/css\">#ut_custom_heading69f206335c231{ font-size: 200px }#ut_custom_heading69f206335c231{ line-height: 100% }#ut_custom_heading69f206335c231{ letter-spacing: -0.04em }#ut_custom_heading69f206335c231 { text-align:center; }@media (min-width: 768px) and (max-width: 1024px) { #ut_custom_heading69f206335c231 { text-align:center; } }@media (max-width: 767px) { #ut_custom_heading69f206335c231 { text-align:center; } }<\/style><h1 id=\"ut_custom_heading69f206335c231\" data-responsive-font=\"h1\" data-responsive-font-settings=\"{&quot;base-font-size&quot;:&quot;200&quot;,&quot;base-line-height&quot;:&quot;100&quot;,&quot;base-letter-spacing&quot;:&quot;-0.04&quot;}\" class=\"ut-custom-heading-module  \" data-appear-effect=\"effect-1\" data-appear-top-offset=\"full\"><span class=\"\" >Contact<\/span><\/h1><div data-effect=\"fadeIn\" data-animateonce=\"yes\" data-delay=\"500\" class=\"wpb_content_element ut-animate-image animated ut-no-animation-tablet ut-no-animation-mobile  vc_custom_1572535970961 clearfix\"><style type=\"text\/css\">#ut_am_69f206335e212 { opacity: 1; }#ut_am_wrap_69f206335e213 { text-align: center; }@media (min-width: 768px) and (max-width: 1024px) { #ut_am_wrap_69f206335e213 { text-align: center !important; } }@media (max-width: 767px) { #ut_am_wrap_69f206335e213 { text-align: center !important; } }<\/style><div id=\"ut_am_wrap_69f206335e213\" class=\"ut-image-gallery-image ut-brush-demo-49\"><div id=\"ut_reveal_69f206335e214\"  data-appear-top-offset=\"auto\" class=\"ut-animated-image-item ut-image-gallery-item ut-animation-done \"><a class=\"ut-deactivated-link\" href=\"#\"><div class=\"ut-animated-image-zoom\">\r\n        <div class=\"ut-element-glitch-wrap\">\r\n\r\n            \r\n        <style type=\"text\/css\">\r\n\r\n                        \r\n        @media (min-width: 1025px) {\r\n\r\n        #ut-element-glitch-69f206335e232483854139-7053 .ut-glitch-single-element {\r\n                                            \r\n                }\r\n        }\r\n\r\n        @media (min-width: 768px) and (max-width: 1024px) {\r\n\r\n        #ut-element-glitch-69f206335e232483854139-7053 .ut-glitch-single-element {\r\n                                                \r\n                    }\r\n        }\r\n\r\n        @media (max-width: 767px) {\r\n\r\n        #ut-element-glitch-69f206335e232483854139-7053 .ut-glitch-single-element {\r\n                                                \r\n                    }\r\n        }\r\n\r\n        \r\n        <\/style>\r\n\r\n        \r\n            <div id=\"ut-element-glitch-69f206335e232483854139-7053\" class=\" ut-element-glitch ut-glitch-none ut-element-glitch-permanent\">\r\n                <div class=\"ut-glitch-single-element ut-lozad skip-lazy\" data-background-image=\"https:\/\/digitaleader.fr\/wp-content\/uploads\/2019\/10\/ut-brush-43.png\"><\/div>\r\n                <div class=\"ut-glitch-single-element ut-lozad skip-lazy\" data-background-image=\"https:\/\/digitaleader.fr\/wp-content\/uploads\/2019\/10\/ut-brush-43.png\"><\/div>\r\n                <div class=\"ut-glitch-single-element ut-lozad skip-lazy\" data-background-image=\"https:\/\/digitaleader.fr\/wp-content\/uploads\/2019\/10\/ut-brush-43.png\"><\/div>\r\n                <div class=\"ut-glitch-single-element ut-lozad skip-lazy\" data-background-image=\"https:\/\/digitaleader.fr\/wp-content\/uploads\/2019\/10\/ut-brush-43.png\"><\/div>\r\n                <div class=\"ut-glitch-single-element ut-lozad skip-lazy\" data-background-image=\"https:\/\/digitaleader.fr\/wp-content\/uploads\/2019\/10\/ut-brush-43.png\"><\/div>\r\n            <\/div>\r\n\r\n        <\/div>\r\n\r\n        <img loading=\"lazy\" decoding=\"async\" class=\"ut-lazy skip-lazy ut-animated-image \"  id=\"ut_am_69f206335e212\" src=\"data:image\/svg+xml;charset=utf-8,%3Csvg xmlns%3D'http%3A%2F%2Fwww.w3.org%2F2000%2Fsvg' viewBox%3D'0 0 500 19'%2F%3E\" data-src=\"https:\/\/digitaleader.fr\/wp-content\/uploads\/2019\/10\/ut-brush-43.png\" width=\"500\" height=\"19\" alt=\"\"\/><\/div><\/a><\/div><\/div><\/div>[vc_empty_space tablet_height=\u00a0\u00bb20px\u00a0\u00bb mobile_height=\u00a0\u00bb20px\u00a0\u00bb]<style type=\"text\/css\">#ut_custom_heading69f206335e43c { color:rgba(255, 255, 255, 0.7); }#ut_custom_heading69f206335e43c { font-family: \"Lora\";font-weight:400;font-style:normal; }#ut_custom_heading69f206335e43c { font-size:30px !important;line-height:150% !important;letter-spacing:-0.02em; }@media (min-width: 1025px) and (max-width: 1679px) {#ut_custom_heading69f206335e43c { line-height:150% !important;letter-spacing:-0.02em; }}@media (min-width: 768px) and (max-width: 1024px) {#ut_custom_heading69f206335e43c { line-height:150% !important;letter-spacing:-0.02em; }}@media (max-width: 767px) {#ut_custom_heading69f206335e43c { line-height:150% !important;letter-spacing:-0.02em; }}#ut_custom_heading69f206335e43c { text-align:center; }@media (min-width: 768px) and (max-width: 1024px) { #ut_custom_heading69f206335e43c { text-align:center; } }@media (max-width: 767px) { #ut_custom_heading69f206335e43c { text-align:center; } }<\/style><h2 id=\"ut_custom_heading69f206335e43c\" data-responsive-font=\"h2\" data-responsive-font-settings=\"{&quot;base-font-size&quot;:&quot;30&quot;,&quot;font-size-unit&quot;:&quot;px&quot;,&quot;font-size&quot;:{&quot;desktop_large&quot;:&quot;30&quot;},&quot;base-line-height&quot;:&quot;150&quot;,&quot;line-height-unit&quot;:&quot;%&quot;,&quot;line-height&quot;:{&quot;desktop_large&quot;:&quot;150&quot;,&quot;desktop_small&quot;:&quot;150&quot;,&quot;tablet&quot;:&quot;150&quot;,&quot;mobile&quot;:&quot;150&quot;},&quot;base-letter-spacing&quot;:&quot;-0.02&quot;,&quot;letter-spacing&quot;:{&quot;desktop_large&quot;:&quot;-0.02&quot;}}\" class=\"ut-custom-heading-module  \" data-appear-effect=\"effect-8\" data-appear-top-offset=\"full\" data-ut-wait=\"1\" data-ut-remove-wait=\"750\"><span class=\"\" >D\u00e9marrer d\u00e8s aujourd&rsquo;hui votre g\u00e9n\u00e9ration de leads !<\/span><\/h2>[vc_empty_space height=\u00a0\u00bb30px\u00a0\u00bb tablet_height=\u00a0\u00bb20px\u00a0\u00bb mobile_height=\u00a0\u00bb20px\u00a0\u00bb][vc_raw_html]JTVCY29udGFjdC1mb3JtLTclMjBpZCUzRCUyMjglMjIlMjB0aXRsZSUzRCUyMkZvcm11bGFpcmUlMjBkZSUyMGNvbnRhY3QlMjAxJTIyJTVE[\/vc_raw_html][\/vc_column][\/vc_row][\/vc_section]<\/p>\n","protected":false},"excerpt":{"rendered":"<p>[vc_section][vc_row el_name=\u00a0\u00bbColumn has animation \/ Column has bg image\u00a0\u00bb][vc_column background_position=\u00a0\u00bbleft center\u00a0\u00bb hide_bg_mobile=\u00a0\u00bbtrue\u00a0\u00bb delay=\u00a0\u00bbtrue\u00a0\u00bb css=\u00a0\u00bb.vc_custom_1572536786807{background-image: url(https:\/\/digitaleader.fr\/wp-content\/uploads\/2019\/10\/ut-dots.svg?id=5939) !important;background-position: center !important;background-repeat: no-repeat !important;background-size: contain !important;}\u00a0\u00bb effect=\u00a0\u00bbfadeIn\u00a0\u00bb animation_duration=\u00a0\u00bb2s\u00a0\u00bb delay_timer=\u00a0\u00bb0&Prime;][vc_empty_space tablet_height=\u00a0\u00bb20px\u00a0\u00bb mobile_height=\u00a0\u00bb20px\u00a0\u00bb][vc_empty_space height=\u00a0\u00bb30px\u00a0\u00bb tablet_height=\u00a0\u00bb20px\u00a0\u00bb mobile_height=\u00a0\u00bb20px\u00a0\u00bb][vc_raw_html]JTVCY29udGFjdC1mb3JtLTclMjBpZCUzRCUyMjglMjIlMjB0aXRsZSUzRCUyMkZvcm11bGFpcmUlMjBkZSUyMGNvbnRhY3QlMjAxJTIyJTVE[\/vc_raw_html][\/vc_column][\/vc_row][\/vc_section]<\/p>\n","protected":false},"author":1,"featured_media":0,"parent":0,"menu_order":0,"comment_status":"closed","ping_status":"closed","template":"","meta":{"footnotes":""},"class_list":["post-4997","page","type-page","status-publish","hentry"],"_links":{"self":[{"href":"https:\/\/digitaleader.fr\/index.php\/wp-json\/wp\/v2\/pages\/4997","targetHints":{"allow":["GET"]}}],"collection":[{"href":"https:\/\/digitaleader.fr\/index.php\/wp-json\/wp\/v2\/pages"}],"about":[{"href":"https:\/\/digitaleader.fr\/index.php\/wp-json\/wp\/v2\/types\/page"}],"author":[{"embeddable":true,"href":"https:\/\/digitaleader.fr\/index.php\/wp-json\/wp\/v2\/users\/1"}],"replies":[{"embeddable":true,"href":"https:\/\/digitaleader.fr\/index.php\/wp-json\/wp\/v2\/comments?post=4997"}],"version-history":[{"count":5,"href":"https:\/\/digitaleader.fr\/index.php\/wp-json\/wp\/v2\/pages\/4997\/revisions"}],"predecessor-version":[{"id":8543,"href":"https:\/\/digitaleader.fr\/index.php\/wp-json\/wp\/v2\/pages\/4997\/revisions\/8543"}],"wp:attachment":[{"href":"https:\/\/digitaleader.fr\/index.php\/wp-json\/wp\/v2\/media?parent=4997"}],"curies":[{"name":"wp","href":"https:\/\/api.w.org\/{rel}","templated":true}]}}